{"id":1203,"date":"2018-03-14T23:12:18","date_gmt":"2018-03-14T22:12:18","guid":{"rendered":"https:\/\/dietyelzbiety.pl\/?page_id=1203"},"modified":"2018-03-14T23:12:18","modified_gmt":"2018-03-14T22:12:18","slug":"chleb","status":"publish","type":"page","link":"https:\/\/dietyelzbiety.pl\/index.php\/blog-eli\/przepisy\/chleb\/","title":{"rendered":"Chleb"},"content":{"rendered":"<p>Chleb jest podstaw\u0105 jad\u0142ospisu cz\u0142owieka ju\u017c od zarania dziej\u00f3w. I dlatego w\u0142a\u015bnie od chleba zaczynam publikacj\u0119 przepis\u00f3w.<br \/>\n<img loading=\"lazy\" decoding=\"async\" class=\"aligncenter size-medium wp-image-1267\" src=\"https:\/\/dietyelzbiety.pl\/wp-content\/uploads\/2018\/03\/chlebeknowy3-e1521064972841-300x230.png\" alt=\"\" width=\"300\" height=\"230\" srcset=\"https:\/\/dietyelzbiety.pl\/wp-content\/uploads\/2018\/03\/chlebeknowy3-e1521064972841-300x230.png 300w, https:\/\/dietyelzbiety.pl\/wp-content\/uploads\/2018\/03\/chlebeknowy3-e1521064972841-768x589.png 768w, https:\/\/dietyelzbiety.pl\/wp-content\/uploads\/2018\/03\/chlebeknowy3-e1521064972841-1024x786.png 1024w, https:\/\/dietyelzbiety.pl\/wp-content\/uploads\/2018\/03\/chlebeknowy3-e1521064972841.png 1280w\" sizes=\"(max-width: 300px) 100vw, 300px\" \/><\/p>\n\n<table id=\"tablepress-5\" class=\"tablepress tablepress-id-5\">\n<tbody class=\"row-hover\">\n<tr class=\"row-1\">\n\t<td class=\"column-1\"><strong>I ETAP:<\/strong><\/td><td class=\"column-2\"><strong>ZACZYN<\/strong><\/td>\n<\/tr>\n<tr class=\"row-2\">\n\t<td class=\"column-1\"><\/td><td class=\"column-2\">Sk\u0142adniki:<\/td>\n<\/tr>\n<tr class=\"row-3\">\n\t<td class=\"column-1\">1 porcja <\/td><td class=\"column-2\">zakwas<\/td>\n<\/tr>\n<tr class=\"row-4\">\n\t<td class=\"column-1\">1 szklanka<\/td><td class=\"column-2\">m\u0105ka \u017cytnia<\/td>\n<\/tr>\n<tr class=\"row-5\">\n\t<td class=\"column-1\">1 szklanka<\/td><td class=\"column-2\">letnia woda<\/td>\n<\/tr>\n<tr class=\"row-6\">\n\t<td class=\"column-1\"><\/td><td class=\"column-2\"><\/td>\n<\/tr>\n<tr class=\"row-7\">\n\t<td class=\"column-1\"><\/td><td class=\"column-2\"><strong>Spos\u00f3b przygotowania<\/strong><\/td>\n<\/tr>\n<tr class=\"row-8\">\n\t<td class=\"column-1\"><\/td><td class=\"column-2\">sk\u0142adniki wymiesza\u0107<\/td>\n<\/tr>\n<tr class=\"row-9\">\n\t<td class=\"column-1\"><\/td><td class=\"column-2\">pozostawi\u0107 na minimum 8 godzin<\/td>\n<\/tr>\n<tr class=\"row-10\">\n\t<td class=\"column-1\"><\/td><td class=\"column-2\"><\/td>\n<\/tr>\n<tr class=\"row-11\">\n\t<td class=\"column-1\"><\/td><td class=\"column-2\"><\/td>\n<\/tr>\n<tr class=\"row-12\">\n\t<td class=\"column-1\"><strong>II ETAP <br \/>\n(po min. 8 godzinach):<\/strong><\/td><td class=\"column-2\"><strong>CIASTO<\/strong><\/td>\n<\/tr>\n<tr class=\"row-13\">\n\t<td class=\"column-1\"><\/td><td class=\"column-2\">Sk\u0142adniki:<\/td>\n<\/tr>\n<tr class=\"row-14\">\n\t<td class=\"column-1\">1 kg<\/td><td class=\"column-2\">m\u0105ka pszenna (wroc\u0142awska, pozna\u0144ska itp.<\/td>\n<\/tr>\n<tr class=\"row-15\">\n\t<td class=\"column-1\">3 du\u017ce szklanki<\/td><td class=\"column-2\">letnia woda<\/td>\n<\/tr>\n<tr class=\"row-16\">\n\t<td class=\"column-1\">4 \u0142y\u017ceczki<\/td><td class=\"column-2\">s\u00f3l<\/td>\n<\/tr>\n<tr class=\"row-17\">\n\t<td class=\"column-1\">1\/4 kostki (25g)<\/td><td class=\"column-2\">dro\u017cd\u017ce (dla lepszego rozprowadzenia rozpu\u015bci\u0107 w 1 szklance wody)<\/td>\n<\/tr>\n<tr class=\"row-18\">\n\t<td class=\"column-1\">1 szklanka<\/td><td class=\"column-2\">otr\u0119by pszenne<\/td>\n<\/tr>\n<tr class=\"row-19\">\n\t<td class=\"column-1\">1\/3 szklanki<\/td><td class=\"column-2\">siemi\u0119 lniane (w ca\u0142o\u015bci, nie mielone)<\/td>\n<\/tr>\n<tr class=\"row-20\">\n\t<td class=\"column-1\">1\/2 szklanki<\/td><td class=\"column-2\">s\u0142onecznik \u0142uskany (mo\u017ce by\u0107 s\u0142onecznik i pestki dyni<\/td>\n<\/tr>\n<tr class=\"row-21\">\n\t<td class=\"column-1\"><\/td><td class=\"column-2\"><\/td>\n<\/tr>\n<tr class=\"row-22\">\n\t<td class=\"column-1\"><\/td><td class=\"column-2\"><strong>Spos\u00f3b przygotowania:<\/strong><\/td>\n<\/tr>\n<tr class=\"row-23\">\n\t<td class=\"column-1\"><\/td><td class=\"column-2\">wszystko r\u0119cznie wymiesza\u0107<\/td>\n<\/tr>\n<tr class=\"row-24\">\n\t<td class=\"column-1\"><\/td><td class=\"column-2\">od\u0142o\u017cy\u0107 porcj\u0119 zakwasu na nast\u0119pne pieczenie <\/td>\n<\/tr>\n<tr class=\"row-25\">\n\t<td class=\"column-1\"><\/td><td class=\"column-2\">reszt\u0119 prze\u0142o\u017cy\u0107 do 2 foremek wysmarowanych margaryn\u0105 i pozostawi\u0107 do wyro\u015bni\u0119cia (ciasto powinno 2-krotnie zwi\u0119kszy\u0107 obj\u0119to\u015b\u0107) \u2013 w zale\u017cno\u015bci od dro\u017cd\u017cy i temperatury otoczenia 1-3 godzin<\/td>\n<\/tr>\n<tr class=\"row-26\">\n\t<td class=\"column-1\"><\/td><td class=\"column-2\">po wyro\u015bni\u0119ciu ciasta lekko wymiesza\u0107 je no\u017cem lub widelcem w foremce, aby rozbi\u0107 p\u0119cherzyki powietrza<\/td>\n<\/tr>\n<tr class=\"row-27\">\n\t<td class=\"column-1\"><\/td><td class=\"column-2\"><\/td>\n<\/tr>\n<tr class=\"row-28\">\n\t<td class=\"column-1\"><\/td><td class=\"column-2\"><\/td>\n<\/tr>\n<tr class=\"row-29\">\n\t<td class=\"column-1\"><strong>III ETAP:<\/strong><\/td><td class=\"column-2\"><strong>PIECZENIE<\/strong><\/td>\n<\/tr>\n<tr class=\"row-30\">\n\t<td class=\"column-1\">15 minut<\/td><td class=\"column-2\">(od zimnego piekarnika) w temperaturze 160 stopni C, p\u00f3\u017aniej<\/td>\n<\/tr>\n<tr class=\"row-31\">\n\t<td class=\"column-1\">50 minut<\/td><td class=\"column-2\">w temperaturze 210 stopni C, p\u00f3\u017aniej <\/td>\n<\/tr>\n<tr class=\"row-32\">\n\t<td class=\"column-1\">15 minut<\/td><td class=\"column-2\">w temperaturze 160 stopni C<\/td>\n<\/tr>\n<\/tbody>\n<\/table>\n<!-- #tablepress-5 from cache -->\n<hr \/>\n<p>Porcj\u0119 zakwasu do nast\u0119pnegp pieczenia przechowywa\u0107 w lod\u00f3wce max. do 2 tygodni<\/p>\n<p><img loading=\"lazy\" decoding=\"async\" class=\"aligncenter size-medium wp-image-1236\" src=\"https:\/\/dietyelzbiety.pl\/wp-content\/uploads\/2018\/03\/chlebek_wypiek6-300x225.png\" alt=\"\" width=\"300\" height=\"225\" srcset=\"https:\/\/dietyelzbiety.pl\/wp-content\/uploads\/2018\/03\/chlebek_wypiek6-300x225.png 300w, https:\/\/dietyelzbiety.pl\/wp-content\/uploads\/2018\/03\/chlebek_wypiek6-768x576.png 768w, https:\/\/dietyelzbiety.pl\/wp-content\/uploads\/2018\/03\/chlebek_wypiek6-1024x768.png 1024w, https:\/\/dietyelzbiety.pl\/wp-content\/uploads\/2018\/03\/chlebek_wypiek6.png 1435w\" sizes=\"(max-width: 300px) 100vw, 300px\" \/><\/p>\n<p><strong>Ten przepis otrzyma\u0142am od Eli i Tadka. Dzi\u0119ki ich uprzejmo\u015bci mog\u0119 wypieka\u0107 chleb w domu. Jest super. Dzi\u0119ki \ud83d\ude42<\/strong><\/p>\n<p>&nbsp;<\/p>\n","protected":false},"excerpt":{"rendered":"<p>Chleb jest podstaw\u0105 jad\u0142ospisu cz\u0142owieka ju\u017c od zarania dziej\u00f3w. I dlatego w\u0142a\u015bnie od chleba zaczynam publikacj\u0119 przepis\u00f3w. Porcj\u0119 zakwasu do nast\u0119pnegp pieczenia przechowywa\u0107 w lod\u00f3wce max. do 2 tygodni Ten przepis otrzyma\u0142am od Eli i Tadka. Dzi\u0119ki ich uprzejmo\u015bci mog\u0119 wypieka\u0107 chleb w domu. Jest super. Dzi\u0119ki \ud83d\ude42 &nbsp;<\/p>\n","protected":false},"author":1,"featured_media":1235,"parent":1194,"menu_order":0,"comment_status":"closed","ping_status":"closed","template":"","meta":{"_mi_skip_tracking":false,"_exactmetrics_sitenote_active":false,"_exactmetrics_sitenote_note":"","_exactmetrics_sitenote_category":0,"footnotes":""},"_links":{"self":[{"href":"https:\/\/dietyelzbiety.pl\/index.php\/wp-json\/wp\/v2\/pages\/1203"}],"collection":[{"href":"https:\/\/dietyelzbiety.pl\/index.php\/wp-json\/wp\/v2\/pages"}],"about":[{"href":"https:\/\/dietyelzbiety.pl\/index.php\/wp-json\/wp\/v2\/types\/page"}],"author":[{"embeddable":true,"href":"https:\/\/dietyelzbiety.pl\/index.php\/wp-json\/wp\/v2\/users\/1"}],"replies":[{"embeddable":true,"href":"https:\/\/dietyelzbiety.pl\/index.php\/wp-json\/wp\/v2\/comments?post=1203"}],"version-history":[{"count":36,"href":"https:\/\/dietyelzbiety.pl\/index.php\/wp-json\/wp\/v2\/pages\/1203\/revisions"}],"predecessor-version":[{"id":1268,"href":"https:\/\/dietyelzbiety.pl\/index.php\/wp-json\/wp\/v2\/pages\/1203\/revisions\/1268"}],"up":[{"embeddable":true,"href":"https:\/\/dietyelzbiety.pl\/index.php\/wp-json\/wp\/v2\/pages\/1194"}],"wp:featuredmedia":[{"embeddable":true,"href":"https:\/\/dietyelzbiety.pl\/index.php\/wp-json\/wp\/v2\/media\/1235"}],"wp:attachment":[{"href":"https:\/\/dietyelzbiety.pl\/index.php\/wp-json\/wp\/v2\/media?parent=1203"}],"curies":[{"name":"wp","href":"https:\/\/api.w.org\/{rel}","templated":true}]}}