{"id":16,"date":"2017-06-14T14:54:53","date_gmt":"2017-06-14T12:54:53","guid":{"rendered":"http:\/\/dietyelzbiety.pl\/?page_id=16"},"modified":"2021-12-13T18:16:09","modified_gmt":"2021-12-13T17:16:09","slug":"strona-glowna","status":"publish","type":"page","link":"https:\/\/dietyelzbiety.pl\/","title":{"rendered":"Strona g\u0142\u00f3wna"},"content":{"rendered":"<p>&nbsp;<\/p>\n<p><em>Czy wiesz, jak to fajnie <\/em><\/p>\n<p><img loading=\"lazy\" decoding=\"async\" class=\"aligncenter wp-image-1372 size-full\" src=\"https:\/\/dietyelzbiety.pl\/wp-content\/uploads\/2018\/04\/kolaz_str_gl2_blog.png\" alt=\"\" width=\"525\" height=\"328\" srcset=\"https:\/\/dietyelzbiety.pl\/wp-content\/uploads\/2018\/04\/kolaz_str_gl2_blog.png 525w, https:\/\/dietyelzbiety.pl\/wp-content\/uploads\/2018\/04\/kolaz_str_gl2_blog-300x187.png 300w\" sizes=\"(max-width: 525px) 100vw, 525px\" \/><\/p>\n<p><em>Czy wiesz, jak to fajnie m\u00f3c oddycha\u0107 normalnie po przebiegni\u0119ciu\u00a020 krok\u00f3w?<\/em><\/p>\n<p><em>Czy wiesz, jak to fajnie nie przypomina\u0107 fontanny w upalny dzie\u0144?<\/em><\/p>\n<p><em>Czy wiesz, jak to fajnie kupowa\u0107 sobie ciuchy, kt\u00f3re Ci si\u0119 podobaj\u0105,\u00a0<\/em><em>a nie te, w kt\u00f3re si\u0119 aktualnie mie\u015bcisz?<\/em><\/p>\n<p><em>Czy wiesz, jak to fajnie by\u0107 zdumionym, gdy nagle s\u0142yszysz od nieznajomych,\u00a0\u017ce jeste\u015b szczup\u0142y?<\/em><\/p>\n<p><em>Czy wiesz, jak to fajnie, gdy znajomi, kt\u00f3rych dawno nie widzia\u0142e\u015b, wpadaj\u0105 na Tw\u00f3j widok w os\u0142upienie i ich oczy swym rozmiarem przypominaj\u0105 pizz\u0119 XXL?<\/em><\/p>\n<p><em>Czy wiesz, jak to fajnie sznurowa\u0107 buty bez sapania i bez opierania nogi o schodek, murek itp?<\/em><\/p>\n<p><em>Czy wiesz, jak to fajnie podrapa\u0107 si\u0119 po plecach w\u0142asn\u0105 r\u0119k\u0105 a nie r\u0119cznikiem, czy czymkolwiek innym?<\/em><\/p>\n<p><em>Czy wiesz, jak to fajnie tak bardzo zmieni\u0107 swoje \u017cycie, \u017ce a\u017c sam w to nie wierzysz?<\/em><\/p>\n<p><em>\u00a0<\/em><em>Nie wiesz?\u00a0 Zawsze mo\u017cesz si\u0119 o tym przekona\u0107&#8230;<\/em><\/p>\n<p><img loading=\"lazy\" decoding=\"async\" class=\"aligncenter wp-image-1380 size-full\" src=\"https:\/\/dietyelzbiety.pl\/wp-content\/uploads\/2018\/04\/sg2_blog.png\" alt=\"\" width=\"525\" height=\"316\" srcset=\"https:\/\/dietyelzbiety.pl\/wp-content\/uploads\/2018\/04\/sg2_blog.png 525w, https:\/\/dietyelzbiety.pl\/wp-content\/uploads\/2018\/04\/sg2_blog-300x181.png 300w\" sizes=\"(max-width: 525px) 100vw, 525px\" \/><\/p>\n<p><em>Czy wiesz, \u017ce je\u017celi sapiesz, id\u0105c po schodach &#8211; sam mo\u017cesz to zmieni\u0107? My te\u017c nie wiedzieli\u015bmy&#8230;<br \/>\nProponujemy rozpocz\u0119cie wizyty od zak\u0142adek <a href=\"http:\/\/dietyelzbiety.pl\/index.php\/o-nas\/\">O nas<\/a> i <a href=\"http:\/\/dietyelzbiety.pl\/index.php\/blog\/\">Blog<\/a> &#8211; zobaczysz, co\u015bmy za jedni i co Ci\u0119 czeka&#8230;<\/em><\/p>\n<p>&nbsp;<\/p>\n<p>&nbsp;<\/p>\n","protected":false},"excerpt":{"rendered":"<p>&nbsp; Czy wiesz, jak to fajnie Czy wiesz, jak to fajnie m\u00f3c oddycha\u0107 normalnie po przebiegni\u0119ciu\u00a020 krok\u00f3w? Czy wiesz, jak to fajnie nie przypomina\u0107 fontanny w upalny dzie\u0144? Czy wiesz, jak to fajnie kupowa\u0107 sobie ciuchy, kt\u00f3re Ci si\u0119 podobaj\u0105,\u00a0a nie te, w kt\u00f3re si\u0119 aktualnie mie\u015bcisz? Czy wiesz, jak to fajnie by\u0107 zdumionym, gdy &hellip; <\/p>\n<p class=\"link-more\"><a href=\"https:\/\/dietyelzbiety.pl\/\" class=\"more-link\">Czytaj dalej<span class=\"screen-reader-text\"> \u201eStrona g\u0142\u00f3wna\u201d<\/span><\/a><\/p>\n","protected":false},"author":1,"featured_media":0,"parent":0,"menu_order":0,"comment_status":"closed","ping_status":"closed","template":"","meta":{"_mi_skip_tracking":false,"_exactmetrics_sitenote_active":false,"_exactmetrics_sitenote_note":"","_exactmetrics_sitenote_category":0,"footnotes":""},"_links":{"self":[{"href":"https:\/\/dietyelzbiety.pl\/index.php\/wp-json\/wp\/v2\/pages\/16"}],"collection":[{"href":"https:\/\/dietyelzbiety.pl\/index.php\/wp-json\/wp\/v2\/pages"}],"about":[{"href":"https:\/\/dietyelzbiety.pl\/index.php\/wp-json\/wp\/v2\/types\/page"}],"author":[{"embeddable":true,"href":"https:\/\/dietyelzbiety.pl\/index.php\/wp-json\/wp\/v2\/users\/1"}],"replies":[{"embeddable":true,"href":"https:\/\/dietyelzbiety.pl\/index.php\/wp-json\/wp\/v2\/comments?post=16"}],"version-history":[{"count":32,"href":"https:\/\/dietyelzbiety.pl\/index.php\/wp-json\/wp\/v2\/pages\/16\/revisions"}],"predecessor-version":[{"id":3384,"href":"https:\/\/dietyelzbiety.pl\/index.php\/wp-json\/wp\/v2\/pages\/16\/revisions\/3384"}],"wp:attachment":[{"href":"https:\/\/dietyelzbiety.pl\/index.php\/wp-json\/wp\/v2\/media?parent=16"}],"curies":[{"name":"wp","href":"https:\/\/api.w.org\/{rel}","templated":true}]}}