{"id":1859,"date":"2018-07-18T20:41:24","date_gmt":"2018-07-18T18:41:24","guid":{"rendered":"https:\/\/dietyelzbiety.pl\/?page_id=1859"},"modified":"2019-08-24T21:37:59","modified_gmt":"2019-08-24T19:37:59","slug":"nie-kijkiem-go-to-nordic-walking","status":"publish","type":"page","link":"https:\/\/dietyelzbiety.pl\/index.php\/blog-darka\/nie-kijkiem-go-to-nordic-walking\/","title":{"rendered":"Nie kijkiem go, to&#8230; Nordic walking"},"content":{"rendered":"<p>\u015awiat zwariowa\u0142. Jak ja, powa\u017cny gentleman z \u0142ysink\u0105 i zanikaj\u0105c\u0105 oponk\u0105 b\u0119d\u0119 paradowa\u0107 w towarzystwie rozplotkowanych kumosi, w tempie <em>andante<\/em>, machaj\u0105c od czasu do czasu kijkiem, jakby oganiaj\u0105c si\u0119 od muchy jakiej\u015b natr\u0119tnej. I po co niby mam chodzi\u0107 drobnym kroczkiem, co ja gejsza jestem? &#8211; Takie mniej wi\u0119cej my\u015bli zacz\u0119\u0142y si\u0119 k\u0142\u0119bi\u0107 w mojej g\u0142owie, gdy Ela zakomunikowa\u0142a, \u017ce mo\u017ce warto zainteresowa\u0107 si\u0119 <em>nordic walking<\/em>.<br \/>\n<img loading=\"lazy\" decoding=\"async\" class=\"aligncenter wp-image-2197 size-full\" src=\"https:\/\/dietyelzbiety.pl\/wp-content\/uploads\/2018\/08\/dyby.png\" alt=\"\" width=\"555\" height=\"413\" srcset=\"https:\/\/dietyelzbiety.pl\/wp-content\/uploads\/2018\/08\/dyby.png 555w, https:\/\/dietyelzbiety.pl\/wp-content\/uploads\/2018\/08\/dyby-300x223.png 300w\" sizes=\"(max-width: 555px) 100vw, 555px\" \/>C\u00f3\u017c &#8211; my\u015bl\u0119 dalej &#8211; je\u015bli chce, niech \u0142azi, niech w trakcie tych trening\u00f3w gada, nawet sama do siebie. Ale czemu ja?<br \/>\nTo doprowadzi\u0142o mnie do konkluzji, \u017ce nale\u017cy przeczeka\u0107, mo\u017ce temat przyschnie. A nu\u017c Najlepsza z \u017bon zapomni? I prawie si\u0119 uda\u0142o. Prawie. Ela faktycznie nie wraca\u0142a do tematu, zbli\u017ca\u0142a si\u0119 jednak jaka\u015b okazja do obdarowania Jej prezentem &#8211; i nie przysz\u0142o mi nic lepszego do g\u0142owy, ni\u017c kije.<br \/>\n<img loading=\"lazy\" decoding=\"async\" class=\"aligncenter size-full wp-image-1890\" src=\"https:\/\/dietyelzbiety.pl\/wp-content\/uploads\/2018\/07\/kijkemgo1_blog.png\" alt=\"\" width=\"525\" height=\"333\" srcset=\"https:\/\/dietyelzbiety.pl\/wp-content\/uploads\/2018\/07\/kijkemgo1_blog.png 525w, https:\/\/dietyelzbiety.pl\/wp-content\/uploads\/2018\/07\/kijkemgo1_blog-300x190.png 300w\" sizes=\"(max-width: 525px) 100vw, 525px\" \/>Tym bardziej, \u017ce w mi\u0119dzyczasie ju\u017c troch\u0119 g\u0142\u0119biej zainteresowa\u0142em si\u0119 tematem i zaczyna\u0142em zdawa\u0107 sobie spraw\u0119, jak bardzo istota <em>nordic<\/em> odbiega od moich dotychczasowych wyobra\u017ce\u0144. Nadal jednak nie bardzo widzia\u0142em siebie w roli towarzysza kijkowych wypraw Eli.<br \/>\n<img loading=\"lazy\" decoding=\"async\" class=\"aligncenter size-full wp-image-3267\" src=\"https:\/\/dietyelzbiety.pl\/wp-content\/uploads\/2019\/08\/dworzec_63kopia.png\" alt=\"\" width=\"555\" height=\"421\" srcset=\"https:\/\/dietyelzbiety.pl\/wp-content\/uploads\/2019\/08\/dworzec_63kopia.png 555w, https:\/\/dietyelzbiety.pl\/wp-content\/uploads\/2019\/08\/dworzec_63kopia-300x228.png 300w\" sizes=\"(max-width: 555px) 100vw, 555px\" \/>Zw\u0142aszcza, \u017ce wci\u0105\u017c, mimo wszystko do\u015b\u0107 sceptycznie podchodzi\u0142em do ca\u0142ego zagadnienia.<br \/>\n<img loading=\"lazy\" decoding=\"async\" class=\"aligncenter size-full wp-image-3343\" src=\"https:\/\/dietyelzbiety.pl\/wp-content\/uploads\/2019\/08\/darek_lub13kopia.png\" alt=\"\" width=\"555\" height=\"492\" srcset=\"https:\/\/dietyelzbiety.pl\/wp-content\/uploads\/2019\/08\/darek_lub13kopia.png 555w, https:\/\/dietyelzbiety.pl\/wp-content\/uploads\/2019\/08\/darek_lub13kopia-300x266.png 300w\" sizes=\"(max-width: 555px) 100vw, 555px\" \/>Uwa\u017ca\u0142em, \u017ce jest to niby-sport, niby-rekreacja, gad\u017cet wymy\u015blony przez spec\u00f3w od marketingu producent\u00f3w kijk\u00f3w narciarskich, aby zapewni\u0107 sprzeda\u017c przez ca\u0142y rok, a nie tylko w sezonie zimowym. Uwa\u017ca\u0142em, \u017ce spacerowa\u0107 mo\u017cna r\u00f3wnie dobrze bez \u017cadnego sprz\u0119tu&#8230; C\u00f3\u017c, nieco si\u0119 myli\u0142em&#8230;<br \/>\n<img loading=\"lazy\" decoding=\"async\" class=\"aligncenter size-full wp-image-1894\" src=\"https:\/\/dietyelzbiety.pl\/wp-content\/uploads\/2018\/07\/kijemgo2_blog.png\" alt=\"\" width=\"555\" height=\"303\" srcset=\"https:\/\/dietyelzbiety.pl\/wp-content\/uploads\/2018\/07\/kijemgo2_blog.png 555w, https:\/\/dietyelzbiety.pl\/wp-content\/uploads\/2018\/07\/kijemgo2_blog-300x164.png 300w\" sizes=\"(max-width: 555px) 100vw, 555px\" \/>Poszukiwania prezentu rozpocz\u0105\u0142em od marketowych sieci\u00f3wek sportowych. Nie zawiod\u0142em si\u0119, strata czasu, Jak to zazwyczaj bywa, gdy klient z grubsza wie, czego szuka. Mia\u0142em te\u017c okazj\u0119 stwierdzi\u0107, \u017ce kompetencje sporej grupy tamtejszych doradc\u00f3w klienta s\u0105 bardzo, baaardzo dyskusyjne, by nie rzec kontrowersyjne &#8211; i to nie tylko w zakresie doboru, ale i parametr\u00f3w oferowanego sprz\u0119tu <em>nw<\/em>. Czemu mnie to nie zdziwi\u0142o?\u00a0 Ostatecznie wystarczy\u0142 jeden kontakt ze sklepem internetowym, jedna rozmowa &#8211; i w ci\u0105gu 10 min. naby\u0142em odpowiednie, leciutkie <em>Leki<\/em>, z kt\u00f3rych Ela jest bardzo zadowolona.<br \/>\nI tu znowu los sp\u0142ata\u0142 mi kolejnego, drobnego figla. \u015awiadkiem odbioru przesy\u0142ki by\u0142a moja kole\u017canka Edyta, istota bardzo usportowiona. Fitness, rower, rolki, p\u0142ywanie &#8211; a jednak ani nw, ani trekking nie bardzo jej odpowiada\u0142y, a mia\u0142a zb\u0119dne kije. I postanowi\u0142a mi je podarowa\u0107&#8230; I tak oto wykona\u0142 si\u0119 pierwszy etap mojej kariery &#8222;kijkowego tupacza&#8221; i towarzysza marsz\u00f3w El\u017cbiety.<br \/>\n<img loading=\"lazy\" decoding=\"async\" class=\"aligncenter wp-image-1888 size-full\" src=\"https:\/\/dietyelzbiety.pl\/wp-content\/uploads\/2018\/07\/zbrzyca_d_2017_blog.png\" alt=\"\" width=\"555\" height=\"313\" srcset=\"https:\/\/dietyelzbiety.pl\/wp-content\/uploads\/2018\/07\/zbrzyca_d_2017_blog.png 555w, https:\/\/dietyelzbiety.pl\/wp-content\/uploads\/2018\/07\/zbrzyca_d_2017_blog-300x169.png 300w\" sizes=\"(max-width: 555px) 100vw, 555px\" \/>Pierwsz\u0105 rzecz\u0105, kt\u00f3r\u0105 postarali\u015bmy si\u0119 wbi\u0107 w swoj\u0105 pod\u015bwiadomo\u015b\u0107, by\u0142a konieczno\u015b\u0107 odpowiedniego wywijania ko\u0144czynami. Z grubsza chodzi\u0142o o to, \u017ceby nie pomyli\u0107 prawej nogi z lew\u0105 r\u0119k\u0105, lewej nogi z praw\u0105, r\u0119ki z kijkiem, czy tak jako\u015b. I na tym, podczas pierwszego marszu starali\u015bmy si\u0119 skupi\u0107.<br \/>\nW t\u0119 dalek\u0105 podr\u00f3\u017c jako pierwszy wyruszy\u0142em ja. C\u00f3\u017c, pomkn\u0105\u0142em krokiem tak bardzo defiladowym, \u017ce a\u017c przypomnia\u0142o mi si\u0119, jak w wojsku uczono nas maszerowa\u0107. Przed oczyma stan\u0119\u0142y mi \u0107wiczenia indywidualne w maszerowaniu. Najweselsze, daj\u0105ce najwi\u0119cej rado\u015bci. \u0106wicz\u0105cy delikwent ze skupieniem na twarzyczce macha\u0142 kopytami, niczym w krakowiaku, albo ta\u0144cu \u015bw. Wita, wykonuj\u0105c jakie\u015b gwa\u0142towne, kanciaste i chyba niezbyt skoordynowane ruchy. Oficer Wojskowy popada\u0142 z desperacji w powolny ob\u0142\u0119d,\u00a0 czy zgo\u0142a w <em>delirium<\/em>, za\u015b reszta wojak\u00f3w, czyli nas, tarza\u0142a si\u0119 po trawniku, porykuj\u0105c z uciechy i z trudem \u0142api\u0105c oddech.<br \/>\n<img loading=\"lazy\" decoding=\"async\" class=\"aligncenter wp-image-1903 size-full\" src=\"https:\/\/dietyelzbiety.pl\/wp-content\/uploads\/2018\/07\/darek_kopa18_blog.png\" alt=\"\" width=\"555\" height=\"438\" srcset=\"https:\/\/dietyelzbiety.pl\/wp-content\/uploads\/2018\/07\/darek_kopa18_blog.png 555w, https:\/\/dietyelzbiety.pl\/wp-content\/uploads\/2018\/07\/darek_kopa18_blog-300x237.png 300w\" sizes=\"(max-width: 555px) 100vw, 555px\" \/>Tak mniej wi\u0119cej czu\u0142em si\u0119, stawiaj\u0105c swoje pierwsze kroki w rytmie <em>nordic walking<\/em>&#8230; Potem spojrza\u0142em na El\u017cbiet\u0119. Maszerowa\u0142a ca\u0142kiem ra\u017anie, w niczym nie przypomina\u0142a gejszy, nie myli\u0142a krok\u00f3w &#8211; min\u0119 mia\u0142a jednak tak marsow\u0105 (tak bardzo si\u0119 koncentrowa\u0142a), \u017ce a\u017c ba\u0142em si\u0119 ba\u0107. Wyprostowana jak \u015bwieca, \u015bmiga\u0142a dzielnie po chodniku niczym odrzutowy Mig-23.<br \/>\nTak z grubsza wygl\u0105da\u0142 Ten Pierwszy Raz. Pokonali\u015bmy dystans ok. 5 km, w tempie <em>allegro<\/em>. Mam niejasne prze\u015bwiadczenie, \u017ce styl naszych wysi\u0142k\u00f3w bardziej przypomina\u0142 taniec robot\u00f3w, ni\u017c trening <em>nordic walking<\/em>&#8230; Wa\u017cne jednak, \u017ce nam si\u0119 spodoba\u0142o.<br \/>\n<img loading=\"lazy\" decoding=\"async\" class=\"aligncenter size-full wp-image-3350\" src=\"https:\/\/dietyelzbiety.pl\/wp-content\/uploads\/2019\/08\/swory2019_76kopia.png\" alt=\"\" width=\"555\" height=\"416\" srcset=\"https:\/\/dietyelzbiety.pl\/wp-content\/uploads\/2019\/08\/swory2019_76kopia.png 555w, https:\/\/dietyelzbiety.pl\/wp-content\/uploads\/2019\/08\/swory2019_76kopia-300x225.png 300w\" sizes=\"(max-width: 555px) 100vw, 555px\" \/><\/p>\n","protected":false},"excerpt":{"rendered":"<p>\u015awiat zwariowa\u0142. Jak ja, powa\u017cny gentleman z \u0142ysink\u0105 i zanikaj\u0105c\u0105 oponk\u0105 b\u0119d\u0119 paradowa\u0107 w towarzystwie rozplotkowanych kumosi, w tempie andante, machaj\u0105c od czasu do czasu kijkiem, jakby oganiaj\u0105c si\u0119 od muchy jakiej\u015b natr\u0119tnej. I po co niby mam chodzi\u0107 drobnym kroczkiem, co ja gejsza jestem? &#8211; Takie mniej wi\u0119cej my\u015bli zacz\u0119\u0142y si\u0119 k\u0142\u0119bi\u0107 w mojej &hellip; <\/p>\n<p class=\"link-more\"><a href=\"https:\/\/dietyelzbiety.pl\/index.php\/blog-darka\/nie-kijkiem-go-to-nordic-walking\/\" class=\"more-link\">Czytaj dalej<span class=\"screen-reader-text\"> \u201eNie kijkiem go, to&#8230; Nordic walking\u201d<\/span><\/a><\/p>\n","protected":false},"author":1,"featured_media":610,"parent":43,"menu_order":6,"comment_status":"closed","ping_status":"closed","template":"","meta":{"_mi_skip_tracking":false,"_exactmetrics_sitenote_active":false,"_exactmetrics_sitenote_note":"","_exactmetrics_sitenote_category":0,"footnotes":""},"_links":{"self":[{"href":"https:\/\/dietyelzbiety.pl\/index.php\/wp-json\/wp\/v2\/pages\/1859"}],"collection":[{"href":"https:\/\/dietyelzbiety.pl\/index.php\/wp-json\/wp\/v2\/pages"}],"about":[{"href":"https:\/\/dietyelzbiety.pl\/index.php\/wp-json\/wp\/v2\/types\/page"}],"author":[{"embeddable":true,"href":"https:\/\/dietyelzbiety.pl\/index.php\/wp-json\/wp\/v2\/users\/1"}],"replies":[{"embeddable":true,"href":"https:\/\/dietyelzbiety.pl\/index.php\/wp-json\/wp\/v2\/comments?post=1859"}],"version-history":[{"count":22,"href":"https:\/\/dietyelzbiety.pl\/index.php\/wp-json\/wp\/v2\/pages\/1859\/revisions"}],"predecessor-version":[{"id":3358,"href":"https:\/\/dietyelzbiety.pl\/index.php\/wp-json\/wp\/v2\/pages\/1859\/revisions\/3358"}],"up":[{"embeddable":true,"href":"https:\/\/dietyelzbiety.pl\/index.php\/wp-json\/wp\/v2\/pages\/43"}],"wp:featuredmedia":[{"embeddable":true,"href":"https:\/\/dietyelzbiety.pl\/index.php\/wp-json\/wp\/v2\/media\/610"}],"wp:attachment":[{"href":"https:\/\/dietyelzbiety.pl\/index.php\/wp-json\/wp\/v2\/media?parent=1859"}],"curies":[{"name":"wp","href":"https:\/\/api.w.org\/{rel}","templated":true}]}}