{"id":3271,"date":"2019-08-23T13:48:10","date_gmt":"2019-08-23T11:48:10","guid":{"rendered":"https:\/\/dietyelzbiety.pl\/?page_id=3271"},"modified":"2019-08-25T14:35:59","modified_gmt":"2019-08-25T12:35:59","slug":"pojezierze-drawskie","status":"publish","type":"page","link":"https:\/\/dietyelzbiety.pl\/index.php\/klub-wloczykijow-nordic-walking\/pojezierze-drawskie\/","title":{"rendered":"Pojezierze Drawskie"},"content":{"rendered":"<p>To nasze odkrycie sprzed roku. Malowniczy, zielony region, dawne poligony, niegdysiejszy obszar stacjonowania Zaprzyja\u017anionej Armii, \u0107wicz\u0105cej tu metody umacniania internacjonalistycznej przyja\u017ani.<br \/>\nDu\u017co mo\u017cliwo\u015bci dla <em>nordic walking<\/em> i turystyki rowerowej, a tak\u017ce urz\u0105dzania sp\u0142yw\u00f3w kajakowych. Raj dla w\u0119dkarzy i grzybiarzy. Bardzo mili i otwarci ludzie.<br \/>\nWarunki do \u0142a\u017cenia na kijach i jazdy rowerem w skali regionu wydaj\u0105 si\u0119 dobre, ale do\u015b\u0107 zr\u00f3\u017cnicowane. Z jednej strony d\u0142uga i do\u015b\u0107 szeroka \u015bcie\u017cka rowerowa Z\u0142ocieniec &#8211; Po\u0142czyn, trasa <em>nordic walking<\/em> (bodaj\u017ce 8 km) w Z\u0142ocie\u0144cu i fajne szlaki w Drawskim Parku Krajobrazowym , z drugiej za\u015b &#8211; szcz\u0105tkowa infrastruktura w okolicach jeziora Lubie (jej brak rekompensuj\u0105 za to lasy i \u015bwietne panoramy jeziora). Le\u015bnymi duktami mo\u017cna chodzi\u0107 wsz\u0119dzie. Trzeba si\u0119 jednak liczy\u0107 z do\u015b\u0107 uci\u0105\u017cliwym piachem.<br \/>\nWarunki pobytu, na podstawie swych do\u015bwiadcze\u0144 i ofert internetowych oceniamy wysoko. Sporo bardzo ciekawych kwater, o wysokim standardzie i za sensown\u0105 cen\u0119.<\/p>\n<p>Poni\u017cej linki (wystarczy klikn\u0105\u0107 link lub obrazek) do opis\u00f3w miejsc, w kt\u00f3rych w\u0142\u00f3czyli\u015bmy si\u0119 z przyjemno\u015bci\u0105.<\/p>\n<p><a href=\"https:\/\/dietyelzbiety.pl\/index.php\/2018\/09\/08\/nordic-walking-lubieszewo-2018\/\"><img loading=\"lazy\" decoding=\"async\" class=\"aligncenter wp-image-3276 size-medium\" src=\"https:\/\/dietyelzbiety.pl\/wp-content\/uploads\/2019\/08\/lub_front-300x202.png\" alt=\"\" width=\"300\" height=\"202\" srcset=\"https:\/\/dietyelzbiety.pl\/wp-content\/uploads\/2019\/08\/lub_front-300x202.png 300w, https:\/\/dietyelzbiety.pl\/wp-content\/uploads\/2019\/08\/lub_front.png 555w\" sizes=\"(max-width: 300px) 100vw, 300px\" \/><\/a><br \/>\n<a href=\"https:\/\/dietyelzbiety.pl\/index.php\/2018\/09\/08\/nordic-walking-lubieszewo-2018\/\">Nordic walking &#8211; Lubieszewo 2018<\/a><\/p>\n<p>&nbsp;<\/p>\n<p><a href=\"https:\/\/dietyelzbiety.pl\/index.php\/2019\/08\/23\/nordic-walking-cieszyno-2019\/\"><img loading=\"lazy\" decoding=\"async\" class=\"aligncenter size-full wp-image-3277\" src=\"https:\/\/dietyelzbiety.pl\/wp-content\/uploads\/2019\/08\/dworzec_front1.png\" alt=\"\" width=\"555\" height=\"372\" srcset=\"https:\/\/dietyelzbiety.pl\/wp-content\/uploads\/2019\/08\/dworzec_front1.png 555w, https:\/\/dietyelzbiety.pl\/wp-content\/uploads\/2019\/08\/dworzec_front1-300x201.png 300w\" sizes=\"(max-width: 555px) 100vw, 555px\" \/><\/a><br \/>\n<a href=\"https:\/\/dietyelzbiety.pl\/index.php\/2019\/08\/23\/nordic-walking-cieszyno-2019\/\">Nordic walking &#8211; Cieszyno 2019<\/a><\/p>\n","protected":false},"excerpt":{"rendered":"<p>To nasze odkrycie sprzed roku. Malowniczy, zielony region, dawne poligony, niegdysiejszy obszar stacjonowania Zaprzyja\u017anionej Armii, \u0107wicz\u0105cej tu metody umacniania internacjonalistycznej przyja\u017ani. Du\u017co mo\u017cliwo\u015bci dla nordic walking i turystyki rowerowej, a tak\u017ce urz\u0105dzania sp\u0142yw\u00f3w kajakowych. Raj dla w\u0119dkarzy i grzybiarzy. Bardzo mili i otwarci ludzie. Warunki do \u0142a\u017cenia na kijach i jazdy rowerem w skali regionu &hellip; <\/p>\n<p class=\"link-more\"><a href=\"https:\/\/dietyelzbiety.pl\/index.php\/klub-wloczykijow-nordic-walking\/pojezierze-drawskie\/\" class=\"more-link\">Czytaj dalej<span class=\"screen-reader-text\"> \u201ePojezierze Drawskie\u201d<\/span><\/a><\/p>\n","protected":false},"author":1,"featured_media":3331,"parent":1983,"menu_order":2,"comment_status":"closed","ping_status":"closed","template":"","meta":{"_mi_skip_tracking":false,"_exactmetrics_sitenote_active":false,"_exactmetrics_sitenote_note":"","_exactmetrics_sitenote_category":0,"footnotes":""},"_links":{"self":[{"href":"https:\/\/dietyelzbiety.pl\/index.php\/wp-json\/wp\/v2\/pages\/3271"}],"collection":[{"href":"https:\/\/dietyelzbiety.pl\/index.php\/wp-json\/wp\/v2\/pages"}],"about":[{"href":"https:\/\/dietyelzbiety.pl\/index.php\/wp-json\/wp\/v2\/types\/page"}],"author":[{"embeddable":true,"href":"https:\/\/dietyelzbiety.pl\/index.php\/wp-json\/wp\/v2\/users\/1"}],"replies":[{"embeddable":true,"href":"https:\/\/dietyelzbiety.pl\/index.php\/wp-json\/wp\/v2\/comments?post=3271"}],"version-history":[{"count":18,"href":"https:\/\/dietyelzbiety.pl\/index.php\/wp-json\/wp\/v2\/pages\/3271\/revisions"}],"predecessor-version":[{"id":3388,"href":"https:\/\/dietyelzbiety.pl\/index.php\/wp-json\/wp\/v2\/pages\/3271\/revisions\/3388"}],"up":[{"embeddable":true,"href":"https:\/\/dietyelzbiety.pl\/index.php\/wp-json\/wp\/v2\/pages\/1983"}],"wp:featuredmedia":[{"embeddable":true,"href":"https:\/\/dietyelzbiety.pl\/index.php\/wp-json\/wp\/v2\/media\/3331"}],"wp:attachment":[{"href":"https:\/\/dietyelzbiety.pl\/index.php\/wp-json\/wp\/v2\/media?parent=3271"}],"curies":[{"name":"wp","href":"https:\/\/api.w.org\/{rel}","templated":true}]}}