{"id":3404,"date":"2019-08-28T23:40:42","date_gmt":"2019-08-28T21:40:42","guid":{"rendered":"https:\/\/dietyelzbiety.pl\/?page_id=3404"},"modified":"2019-12-12T12:19:46","modified_gmt":"2019-12-12T11:19:46","slug":"bory-tucholskie","status":"publish","type":"page","link":"https:\/\/dietyelzbiety.pl\/index.php\/klub-wloczykijow-nordic-walking\/bory-tucholskie\/","title":{"rendered":"Bory Tucholskie"},"content":{"rendered":"<p>Bory Tucholskie i Swornegacie to nasze ulubione miejsce. Je\u017adzimy tam od lat i prze\u017cyli\u015bmy sporo: po\u017car lasu w bezpo\u015brednim s\u0105siedztwie, gradobicie, 15 minutow\u0105 ulew\u0119, po kt\u00f3rej diabli wzi\u0119li telefon &#8211; mimo \u017ce by\u0142 w zabezpieczonym ortalionow\u0105 pa\u0142atk\u0105 plecaku&#8230;<br \/>\nWidzieli\u015bmy skutki nawa\u0142nicy, kt\u00f3ra przesz\u0142a nad pobliskimi Brusami. Kilkudziesi\u0119cioletnie drzewa, wyrwane z korzeniami, po\u0142amane, jak zapa\u0142ki&#8230;<br \/>\n<img loading=\"lazy\" decoding=\"async\" class=\"aligncenter size-medium wp-image-3436\" src=\"https:\/\/dietyelzbiety.pl\/wp-content\/uploads\/2019\/08\/nawalnica-300x274.png\" alt=\"\" width=\"300\" height=\"274\" srcset=\"https:\/\/dietyelzbiety.pl\/wp-content\/uploads\/2019\/08\/nawalnica-300x274.png 300w, https:\/\/dietyelzbiety.pl\/wp-content\/uploads\/2019\/08\/nawalnica.png 554w\" sizes=\"(max-width: 300px) 100vw, 300px\" \/>Widzieli\u015bmy wielkie jagodowiska, gdzie jagody czerwieni\u0142y si\u0119, niczym koraliki. P\u0142ywali\u015bmy kajakiem i zwiedzali\u015bmy mistyczne miejsca kultu staro\u017cytnych Celt\u00f3w&#8230; I zamki krzy\u017cackie&#8230;Tam naprawd\u0119 jest co robi\u0107&#8230;<br \/>\n<img loading=\"lazy\" decoding=\"async\" class=\"aligncenter wp-image-3437 size-full\" src=\"https:\/\/dietyelzbiety.pl\/wp-content\/uploads\/2019\/08\/odryczluchow.png\" alt=\"\" width=\"555\" height=\"262\" srcset=\"https:\/\/dietyelzbiety.pl\/wp-content\/uploads\/2019\/08\/odryczluchow.png 555w, https:\/\/dietyelzbiety.pl\/wp-content\/uploads\/2019\/08\/odryczluchow-300x142.png 300w\" sizes=\"(max-width: 555px) 100vw, 555px\" \/>Mi\u0142o\u015bnik\u00f3w historii i tajemnicy mog\u0105 skusi\u0107 celtyckie kamienne kr\u0119gi w Odrach i miejscowo\u015bci Le\u015bno . W Le\u015bnie poza tym mo\u017cna podziwia\u0107 najwy\u017csz\u0105 w regionie drewnian\u0105 wie\u017c\u0119 ko\u015bcieln\u0105. Lubimy tak\u017ce Chojnice, mimo \u017ce do\u015b\u0107 gwarne. Odk\u0105d jednak zlikwidowano nasz\u0105 ulubion\u0105 kafejk\u0119 na ryku, bywamy tam rzadziej.<br \/>\n<img loading=\"lazy\" decoding=\"async\" class=\"aligncenter wp-image-3449 size-full\" src=\"https:\/\/dietyelzbiety.pl\/wp-content\/uploads\/2019\/08\/chojn_lesno.png\" alt=\"\" width=\"555\" height=\"221\" srcset=\"https:\/\/dietyelzbiety.pl\/wp-content\/uploads\/2019\/08\/chojn_lesno.png 555w, https:\/\/dietyelzbiety.pl\/wp-content\/uploads\/2019\/08\/chojn_lesno-300x119.png 300w\" sizes=\"(max-width: 555px) 100vw, 555px\" \/><span style=\"font-size: 1rem;\">Z tego te\u017c powodu lubili\u015bmy Cz\u0142uch\u00f3w. Mieli\u015bmy tak swoje sekretne miejsce tu\u017c ko\u0142o bardzo \u0142adnej fontanny.<br \/>\n<img loading=\"lazy\" decoding=\"async\" class=\"aligncenter wp-image-3450 size-full\" src=\"https:\/\/dietyelzbiety.pl\/wp-content\/uploads\/2019\/08\/czluchow.png\" alt=\"\" width=\"555\" height=\"363\" srcset=\"https:\/\/dietyelzbiety.pl\/wp-content\/uploads\/2019\/08\/czluchow.png 555w, https:\/\/dietyelzbiety.pl\/wp-content\/uploads\/2019\/08\/czluchow-300x196.png 300w\" sizes=\"(max-width: 555px) 100vw, 555px\" \/>Gdy jednak zmienili\u015bmy zainteresowania, zdecydowanie tam nie bywamy. Tym bardziej, \u017ce dojazd i ju\u017c sam przejazd przez Cz\u0142uch\u00f3w to od kilku lat prawdziwa gehenna. Rzadziej te\u017c bywamy w miejscowo\u015bci Wiele, gdzie zawsze n\u0119ci\u0142a nas \u015bwietna kawa mro\u017cona, lody, no i oczywi\u015bcie &#8211; ciasteczko&#8230;<br \/>\nTrzeba jeszcze wspomnie\u0107 akwedukt w Fojutowie, dzie\u0142o pruskich in\u017cynier\u00f3w z po\u0142owy XIX wieku, kt\u00f3ry zrobi\u0142 na nas spore wra\u017cenie. Fajnie by\u0107 na skrzy\u017cowaniu 2 rzek, z kt\u00f3rych jedna p\u0142ynie sobie pod spodem (Czerska Struga), a druga\u00a0 g\u00f3r\u0105 (Brda).<br \/>\n<img loading=\"lazy\" decoding=\"async\" class=\"aligncenter wp-image-3451 size-full\" src=\"https:\/\/dietyelzbiety.pl\/wp-content\/uploads\/2019\/08\/fojutowoBez-nazwy-1.png\" alt=\"\" width=\"555\" height=\"154\" srcset=\"https:\/\/dietyelzbiety.pl\/wp-content\/uploads\/2019\/08\/fojutowoBez-nazwy-1.png 555w, https:\/\/dietyelzbiety.pl\/wp-content\/uploads\/2019\/08\/fojutowoBez-nazwy-1-300x83.png 300w\" sizes=\"(max-width: 555px) 100vw, 555px\" \/><\/span>Od\u00a0 3 lat troch\u0119 inaczej sp\u0119dzamy tu czas, po\u015bwi\u0119camy si\u0119 przede wszystkim \u0142a\u017ceniu z kijami i przechodzimy drobn\u0105 ewolucj\u0119 &#8211; nasze szlaki s\u0105 coraz d\u0142u\u017csze &#8211; ostatnio wyszli\u015bmy poza utwardzon\u0105 tras\u0119 dla rower\u00f3w i piaszczyste, le\u015bne \u015bcie\u017cki bardzo nam przypad\u0142y do gustu&#8230; Mamy tu wszystko, czego szukamy, cisz\u0119 i spok\u00f3j. Niestety, w samych Sworach jest z tym coraz gorzej, rozbudowuj\u0105 si\u0119, przybywa kwater, co samo w sobie nie jest jeszcze z\u0142e &#8211; poci\u0105ga jednak negatywne skutki w postaci wzrastaj\u0105cej liczby wczasowicz\u00f3w &#8211; i to typu, za kt\u00f3rym nie przepadamy. \u015amiec\u0105cych, wrzaskliwych, poruszaj\u0105cych si\u0119 ruchami robaczkowymi ca\u0142\u0105 watah\u0105 \ud83d\ude42 . Ale na szcz\u0119\u015bcie kilometr poza Sworami jest jeszcze normalnie. Ciekawe, jak d\u0142ugo jeszcze? \ud83d\ude42<\/p>\n<p>Poni\u017cej linki (wystarczy klikn\u0105\u0107 link lub obrazek) do opis\u00f3w miejsc, w kt\u00f3rych w\u0142\u00f3czyli\u015bmy si\u0119 z przyjemno\u015bci\u0105.<\/p>\n<p><a href=\"https:\/\/dietyelzbiety.pl\/index.php\/2018\/08\/26\/nordic-walking-swornegacie-2017\/\"><img loading=\"lazy\" decoding=\"async\" class=\"aligncenter wp-image-3416 size-medium\" src=\"https:\/\/dietyelzbiety.pl\/wp-content\/uploads\/2019\/08\/swory2017-LINK1Bez-nazwy-300x252.png\" alt=\"\" width=\"300\" height=\"252\" srcset=\"https:\/\/dietyelzbiety.pl\/wp-content\/uploads\/2019\/08\/swory2017-LINK1Bez-nazwy-300x252.png 300w, https:\/\/dietyelzbiety.pl\/wp-content\/uploads\/2019\/08\/swory2017-LINK1Bez-nazwy.png 555w\" sizes=\"(max-width: 300px) 100vw, 300px\" \/><\/a><a href=\"https:\/\/dietyelzbiety.pl\/index.php\/2018\/08\/26\/nordic-walking-swornegacie-2017\/\">Nordic walking-Swornegacie 2017<\/a><\/p>\n<p>&nbsp;<\/p>\n<p><a href=\"https:\/\/dietyelzbiety.pl\/index.php\/2018\/09\/19\/nordic-walking-swornegacie-2018\/\"><img loading=\"lazy\" decoding=\"async\" class=\"aligncenter wp-image-3408 size-medium\" src=\"https:\/\/dietyelzbiety.pl\/wp-content\/uploads\/2019\/08\/swory2018_link-300x229.png\" alt=\"\" width=\"300\" height=\"229\" srcset=\"https:\/\/dietyelzbiety.pl\/wp-content\/uploads\/2019\/08\/swory2018_link-300x229.png 300w, https:\/\/dietyelzbiety.pl\/wp-content\/uploads\/2019\/08\/swory2018_link.png 555w\" sizes=\"(max-width: 300px) 100vw, 300px\" \/><\/a><a href=\"https:\/\/dietyelzbiety.pl\/index.php\/2018\/09\/19\/nordic-walking-swornegacie-2018\/\">Nordic walking-Swornegacie 2018<\/a><\/p>\n<p>&nbsp;<\/p>\n<p><a href=\"https:\/\/dietyelzbiety.pl\/index.php\/2019\/08\/30\/nordic-walking-swornegacie-2019\/\"><img loading=\"lazy\" decoding=\"async\" class=\"aligncenter wp-image-3409 size-medium\" src=\"https:\/\/dietyelzbiety.pl\/wp-content\/uploads\/2019\/08\/swory2019_link-300x208.png\" alt=\"\" width=\"300\" height=\"208\" srcset=\"https:\/\/dietyelzbiety.pl\/wp-content\/uploads\/2019\/08\/swory2019_link-300x208.png 300w, https:\/\/dietyelzbiety.pl\/wp-content\/uploads\/2019\/08\/swory2019_link.png 555w\" sizes=\"(max-width: 300px) 100vw, 300px\" \/><\/a><a href=\"https:\/\/dietyelzbiety.pl\/index.php\/2019\/08\/30\/nordic-walking-swornegacie-2019\/\">Nordic walking-Swornegacie 2019<\/a><\/p>\n<p>&nbsp;<\/p>\n","protected":false},"excerpt":{"rendered":"<p>Bory Tucholskie i Swornegacie to nasze ulubione miejsce. Je\u017adzimy tam od lat i prze\u017cyli\u015bmy sporo: po\u017car lasu w bezpo\u015brednim s\u0105siedztwie, gradobicie, 15 minutow\u0105 ulew\u0119, po kt\u00f3rej diabli wzi\u0119li telefon &#8211; mimo \u017ce by\u0142 w zabezpieczonym ortalionow\u0105 pa\u0142atk\u0105 plecaku&#8230; Widzieli\u015bmy skutki nawa\u0142nicy, kt\u00f3ra przesz\u0142a nad pobliskimi Brusami. Kilkudziesi\u0119cioletnie drzewa, wyrwane z korzeniami, po\u0142amane, jak zapa\u0142ki&#8230; Widzieli\u015bmy &hellip; <\/p>\n<p class=\"link-more\"><a href=\"https:\/\/dietyelzbiety.pl\/index.php\/klub-wloczykijow-nordic-walking\/bory-tucholskie\/\" class=\"more-link\">Czytaj dalej<span class=\"screen-reader-text\"> \u201eBory Tucholskie\u201d<\/span><\/a><\/p>\n","protected":false},"author":1,"featured_media":3407,"parent":1983,"menu_order":1,"comment_status":"closed","ping_status":"closed","template":"","meta":{"_mi_skip_tracking":false,"_exactmetrics_sitenote_active":false,"_exactmetrics_sitenote_note":"","_exactmetrics_sitenote_category":0,"footnotes":""},"_links":{"self":[{"href":"https:\/\/dietyelzbiety.pl\/index.php\/wp-json\/wp\/v2\/pages\/3404"}],"collection":[{"href":"https:\/\/dietyelzbiety.pl\/index.php\/wp-json\/wp\/v2\/pages"}],"about":[{"href":"https:\/\/dietyelzbiety.pl\/index.php\/wp-json\/wp\/v2\/types\/page"}],"author":[{"embeddable":true,"href":"https:\/\/dietyelzbiety.pl\/index.php\/wp-json\/wp\/v2\/users\/1"}],"replies":[{"embeddable":true,"href":"https:\/\/dietyelzbiety.pl\/index.php\/wp-json\/wp\/v2\/comments?post=3404"}],"version-history":[{"count":23,"href":"https:\/\/dietyelzbiety.pl\/index.php\/wp-json\/wp\/v2\/pages\/3404\/revisions"}],"predecessor-version":[{"id":3596,"href":"https:\/\/dietyelzbiety.pl\/index.php\/wp-json\/wp\/v2\/pages\/3404\/revisions\/3596"}],"up":[{"embeddable":true,"href":"https:\/\/dietyelzbiety.pl\/index.php\/wp-json\/wp\/v2\/pages\/1983"}],"wp:featuredmedia":[{"embeddable":true,"href":"https:\/\/dietyelzbiety.pl\/index.php\/wp-json\/wp\/v2\/media\/3407"}],"wp:attachment":[{"href":"https:\/\/dietyelzbiety.pl\/index.php\/wp-json\/wp\/v2\/media?parent=3404"}],"curies":[{"name":"wp","href":"https:\/\/api.w.org\/{rel}","templated":true}]}}