{"id":3650,"date":"2020-08-14T20:41:53","date_gmt":"2020-08-14T18:41:53","guid":{"rendered":"https:\/\/dietyelzbiety.pl\/?page_id=3650"},"modified":"2020-09-01T14:51:50","modified_gmt":"2020-09-01T12:51:50","slug":"beskidy","status":"publish","type":"page","link":"https:\/\/dietyelzbiety.pl\/index.php\/klub-wloczykijow-nordic-walking\/beskidy\/","title":{"rendered":"Beskidy"},"content":{"rendered":"<p>Beskidy&#8230; Teoretycznie najlepiej je znamy&#8230; Skrzyczne, Beskidek, Pilsko, Czantoria, Ochodzita, czy (cz\u0119sto nawet na prze\u0142omie kwietnia i maja) Skalanka w Zwardoniu to tereny naszych niegdysiejszych popis\u00f3w narciarskich. Zreszt\u0105 do Szczyrku, Koniakowa, Mil\u00f3wki, Rycerki czy Korbielowa cz\u0119sto zagl\u0105dali\u015bmy nie tylko w zimie, na jednodniowe rajdy, i \u0142azili\u015bmy sobie po g\u00f3rach&#8230;<br \/>\n<img loading=\"lazy\" decoding=\"async\" class=\"aligncenter size-medium wp-image-3649\" src=\"https:\/\/dietyelzbiety.pl\/wp-content\/uploads\/2020\/08\/beskidyA-300x169.png\" alt=\"\" width=\"300\" height=\"169\" srcset=\"https:\/\/dietyelzbiety.pl\/wp-content\/uploads\/2020\/08\/beskidyA-300x169.png 300w, https:\/\/dietyelzbiety.pl\/wp-content\/uploads\/2020\/08\/beskidyA.png 555w\" sizes=\"(max-width: 300px) 100vw, 300px\" \/>Do Istebnej, czy Wis\u0142y je\u017adzili\u015bmy na kolonie i zimowiska, za\u015b do Korbielowa &#8211; na szkolne obozy narciarskie&#8230;<br \/>\nW tzw. doros\u0142ym \u017cyciu o Beskidach jako\u015b zapomnieli\u015bmy. Nie by\u0142o czasu, ochoty&#8230;<br \/>\n<img loading=\"lazy\" decoding=\"async\" class=\"aligncenter size-medium wp-image-3657\" src=\"https:\/\/dietyelzbiety.pl\/wp-content\/uploads\/2020\/08\/beskidy5-300x234.png\" alt=\"\" width=\"300\" height=\"234\" srcset=\"https:\/\/dietyelzbiety.pl\/wp-content\/uploads\/2020\/08\/beskidy5-300x234.png 300w, https:\/\/dietyelzbiety.pl\/wp-content\/uploads\/2020\/08\/beskidy5.png 555w\" sizes=\"(max-width: 300px) 100vw, 300px\" \/>Urlopy czy weekendowe wyjazdy w g\u00f3ry przesta\u0142y by\u0107 naszym stylem sp\u0119dzania wolnego czasu. A\u017c do czasu pobytu Eli w sanatorium, w Ustroniu&#8230; Jako\u015b tak na nowo odkry\u0142a to miejsce, zacz\u0119li\u015bmy tam wpada\u0107 na kilkudniowe pobyty&#8230;<br \/>\n<img loading=\"lazy\" decoding=\"async\" class=\"aligncenter wp-image-3696 size-medium\" src=\"https:\/\/dietyelzbiety.pl\/wp-content\/uploads\/2020\/09\/ustron2020aa1-300x221.png\" alt=\"\" width=\"300\" height=\"221\" srcset=\"https:\/\/dietyelzbiety.pl\/wp-content\/uploads\/2020\/09\/ustron2020aa1-300x221.png 300w, https:\/\/dietyelzbiety.pl\/wp-content\/uploads\/2020\/09\/ustron2020aa1.png 555w\" sizes=\"(max-width: 300px) 100vw, 300px\" \/>Wprawdzie na razie nie urz\u0105dzamy sobie wycieczek w wy\u017csze partie g\u00f3r &#8211; ale&#8230; wszystko przed nami&#8230; Kto wie&#8230;<\/p>\n<p>&nbsp;<\/p>\n<p>Poni\u017cej linki (wystarczy klikn\u0105\u0107 link lub obrazek) do opis\u00f3w miejsc, po kt\u00f3rych w\u0142\u00f3czyli\u015bmy si\u0119 z przyjemno\u015bci\u0105.<\/p>\n<p><a href=\"https:\/\/dietyelzbiety.pl\/index.php\/2018\/08\/27\/nordic-walking-ustron-2018\/\"><img loading=\"lazy\" decoding=\"async\" class=\"aligncenter size-medium wp-image-3654\" src=\"https:\/\/dietyelzbiety.pl\/wp-content\/uploads\/2020\/08\/kije_ustron_18-300x168.png\" alt=\"\" width=\"300\" height=\"168\" srcset=\"https:\/\/dietyelzbiety.pl\/wp-content\/uploads\/2020\/08\/kije_ustron_18-300x168.png 300w, https:\/\/dietyelzbiety.pl\/wp-content\/uploads\/2020\/08\/kije_ustron_18.png 555w\" sizes=\"(max-width: 300px) 100vw, 300px\" \/><\/a><a href=\"https:\/\/dietyelzbiety.pl\/index.php\/2018\/08\/27\/nordic-walking-ustron-2018\/\">Nordic walking \u2013 Ustro\u0144 2018<\/a><\/p>\n<p>&nbsp;<\/p>\n<p><a href=\"https:\/\/dietyelzbiety.pl\/index.php\/2020\/08\/14\/nordic-walking-ustron-2020\/\"><img loading=\"lazy\" decoding=\"async\" class=\"aligncenter size-medium wp-image-3653\" src=\"https:\/\/dietyelzbiety.pl\/wp-content\/uploads\/2020\/08\/ustron2020_a-300x225.png\" alt=\"\" width=\"300\" height=\"225\" srcset=\"https:\/\/dietyelzbiety.pl\/wp-content\/uploads\/2020\/08\/ustron2020_a-300x225.png 300w, https:\/\/dietyelzbiety.pl\/wp-content\/uploads\/2020\/08\/ustron2020_a.png 555w\" sizes=\"(max-width: 300px) 100vw, 300px\" \/><\/a><br \/>\n<a href=\"https:\/\/dietyelzbiety.pl\/index.php\/2020\/08\/14\/nordic-walking-ustron-2020\/\">Nordic walking \u2013 Ustro\u0144 2020<\/a><\/p>\n<p>&nbsp;<\/p>\n","protected":false},"excerpt":{"rendered":"<p>Beskidy&#8230; Teoretycznie najlepiej je znamy&#8230; Skrzyczne, Beskidek, Pilsko, Czantoria, Ochodzita, czy (cz\u0119sto nawet na prze\u0142omie kwietnia i maja) Skalanka w Zwardoniu to tereny naszych niegdysiejszych popis\u00f3w narciarskich. Zreszt\u0105 do Szczyrku, Koniakowa, Mil\u00f3wki, Rycerki czy Korbielowa cz\u0119sto zagl\u0105dali\u015bmy nie tylko w zimie, na jednodniowe rajdy, i \u0142azili\u015bmy sobie po g\u00f3rach&#8230; Do Istebnej, czy Wis\u0142y je\u017adzili\u015bmy na &hellip; <\/p>\n<p class=\"link-more\"><a href=\"https:\/\/dietyelzbiety.pl\/index.php\/klub-wloczykijow-nordic-walking\/beskidy\/\" class=\"more-link\">Czytaj dalej<span class=\"screen-reader-text\"> \u201eBeskidy\u201d<\/span><\/a><\/p>\n","protected":false},"author":1,"featured_media":3648,"parent":1983,"menu_order":4,"comment_status":"closed","ping_status":"closed","template":"","meta":{"_mi_skip_tracking":false,"_exactmetrics_sitenote_active":false,"_exactmetrics_sitenote_note":"","_exactmetrics_sitenote_category":0,"footnotes":""},"_links":{"self":[{"href":"https:\/\/dietyelzbiety.pl\/index.php\/wp-json\/wp\/v2\/pages\/3650"}],"collection":[{"href":"https:\/\/dietyelzbiety.pl\/index.php\/wp-json\/wp\/v2\/pages"}],"about":[{"href":"https:\/\/dietyelzbiety.pl\/index.php\/wp-json\/wp\/v2\/types\/page"}],"author":[{"embeddable":true,"href":"https:\/\/dietyelzbiety.pl\/index.php\/wp-json\/wp\/v2\/users\/1"}],"replies":[{"embeddable":true,"href":"https:\/\/dietyelzbiety.pl\/index.php\/wp-json\/wp\/v2\/comments?post=3650"}],"version-history":[{"count":11,"href":"https:\/\/dietyelzbiety.pl\/index.php\/wp-json\/wp\/v2\/pages\/3650\/revisions"}],"predecessor-version":[{"id":3697,"href":"https:\/\/dietyelzbiety.pl\/index.php\/wp-json\/wp\/v2\/pages\/3650\/revisions\/3697"}],"up":[{"embeddable":true,"href":"https:\/\/dietyelzbiety.pl\/index.php\/wp-json\/wp\/v2\/pages\/1983"}],"wp:featuredmedia":[{"embeddable":true,"href":"https:\/\/dietyelzbiety.pl\/index.php\/wp-json\/wp\/v2\/media\/3648"}],"wp:attachment":[{"href":"https:\/\/dietyelzbiety.pl\/index.php\/wp-json\/wp\/v2\/media?parent=3650"}],"curies":[{"name":"wp","href":"https:\/\/api.w.org\/{rel}","templated":true}]}}