{"id":655,"date":"2017-08-21T22:21:23","date_gmt":"2017-08-21T20:21:23","guid":{"rendered":"https:\/\/dietyelzbiety.pl\/?page_id=655"},"modified":"2018-11-28T13:01:06","modified_gmt":"2018-11-28T12:01:06","slug":"slodki-chlopak-od-160","status":"publish","type":"page","link":"https:\/\/dietyelzbiety.pl\/index.php\/blog-darka\/slodki-chlopak-od-160\/","title":{"rendered":"S\u0142odki ch\u0142opak (od 160+)"},"content":{"rendered":"<p>Taaak, jestem s\u0142odki. I to bynajmniej nie ze wzgl\u0119du na ujmuj\u0105cy styl bycia. Nie chodzi r\u00f3wnie\u017c o rozkosznego berbecia \u2013 w moim wieku raczej trudno by\u0107 rozkosznym&#8230; Mo\u017cna co najwy\u017cej zacz\u0105\u0107 dziecinnie\u0107&#8230;<br \/>\n\u201eDozwolone 160+\u201d nie oznacza, \u017ce artyku\u0142 jest zakazany dla m\u0142odzie\u017cy, kt\u00f3ra nie uko\u0144czy\u0142a 160. roku \u017cycia.<\/p>\n<p>160 mg\/dL to warto\u015b\u0107 poziomu cukru we krwi, kt\u00f3r\u0105 zmierzono mi kt\u00f3rego\u015b pi\u0119knego kwietniowego poranka&#8230; Zabawne, ale potem nie uda\u0142o mi si\u0119 ju\u017c tego wyczynu powt\u00f3rzy\u0107, mimo \u017ce kilka razy bardzo si\u0119 stara\u0142em.<br \/>\nNa swoj\u0105 nieco s\u0142odsz\u0105 ni\u017c u innych krew pracowa\u0142em d\u0142ugo i rzetelnie. Stara\u0142em si\u0119 ze wszystkich si\u0142. Jak ju\u017c wspomina\u0142em, paskudne przyzwyczajenia \u017cywieniowe, wsparte notorycznym, przewlek\u0142ym \u0142akomstwem, w tym perwersyjnym upodobaniem wszystkiego co cho\u0107 troch\u0119 by\u0142o s\u0142odkie, siedz\u0105cy tryb \u017cycia i w konsekwencji permanentna oty\u0142o\u015b\u0107 \u2013 to wszystko by\u0142o podr\u0119cznikow\u0105 wr\u0119cz drog\u0105, prowadz\u0105c\u0105 wprost do schorzenia. Wiedzia\u0142em o tym, i co? I nic. Prezentowa\u0142em klasyczny spos\u00f3b my\u015blenia \u201e jestem \u015bwiadomy zagro\u017ce\u0144 cywilizacyjnych, niebezpiecze\u0144stw\u00a0 wsp\u00f3\u0142czesnego \u015bwiata, ale czyhaj\u0105cych na innych. Ale ja? A niby dlaczego? Mnie to przecie\u017c nie dotyczy, ominie\u201d<\/p>\n<p><img loading=\"lazy\" decoding=\"async\" class=\"aligncenter size-medium wp-image-652\" src=\"https:\/\/dietyelzbiety.pl\/wp-content\/uploads\/2017\/08\/slodki1-176x300.jpg\" alt=\"\" width=\"176\" height=\"300\" srcset=\"https:\/\/dietyelzbiety.pl\/wp-content\/uploads\/2017\/08\/slodki1-176x300.jpg 176w, https:\/\/dietyelzbiety.pl\/wp-content\/uploads\/2017\/08\/slodki1-768x1308.jpg 768w, https:\/\/dietyelzbiety.pl\/wp-content\/uploads\/2017\/08\/slodki1-601x1024.jpg 601w, https:\/\/dietyelzbiety.pl\/wp-content\/uploads\/2017\/08\/slodki1.jpg 952w\" sizes=\"(max-width: 176px) 100vw, 176px\" \/><\/p>\n<p>Od zawsze w\u015br\u00f3d lekarzy mia\u0142em status permanentnego podejrzanego. O dolegliwo\u015bci tarczycy lub wr\u0119cz cukrzyc\u0119. A tu, \u00a0c\u00f3\u017c za niefart, d\u0142ugo, bardzo d\u0142ugo wyniki bada\u0144 by\u0142y wr\u0119cz modelowe&#8230; Endokrynologom i diabetologom nie zostawa\u0142o nic innego, jak zaciska\u0107 z\u0119by i wyg\u0142asza\u0107 sentencj\u0119 w stylu \u201eschudn\u0105\u0107, bo&#8230;\u201d lub \u201ewi\u0119cej ruchu\u201d, albo \u201ezacz\u0105\u0107 uprawia\u0107 sport\u201d \u2013 co akurat bra\u0142em sobie do\u015b\u0107 lekko&#8230; I tak toczy\u0142o si\u0119 to ca\u0142e lata&#8230;<br \/>\nW ko\u0144cu znalaz\u0142em sobie niewyszukan\u0105 rozrywk\u0119 \u2013 zak\u0142ada\u0142em si\u0119 z lekarzami, \u017ce wyniki cukru b\u0119d\u0105 OK. Stawk\u0105 by\u0142 kilogram \u201emicha\u0142k\u00f3w\u201d&#8230; Nie powiem, smakowa\u0142y mi ca\u0142kiem, ca\u0142kiem&#8230; Tym bardziej, \u017ce pochodzi\u0142y z wygranego zak\u0142adu. C\u00f3\u017c za satysfakcja. I ta mina doktora, gdy wywi\u0105zywa\u0142 si\u0119 z tych swoich honorowych zobowi\u0105za\u0144&#8230; Bezcenne.<\/p>\n<p>By\u0142em w og\u00f3le dziwacznym osobnikiem, dzie\u0144 przed badaniem cukru mog\u0142em na\u017cre\u0107 si\u0119 (nawet nie naje\u015b\u0107, a na\u017cre\u0107) \u2013 oboj\u0119tnie czego, nie tylko s\u0142odyczy, a wynik i tak by\u0142 w normie. Fakt, \u017ce cz\u0119\u015bciej bli\u017cej g\u00f3rnej granicy, ale jednak w normie&#8230;<br \/>\nNic jednak nie trwa wiecznie. Pierwsze niepokoj\u0105ce sygna\u0142y pojawi\u0142y si\u0119 4-5 lat temu. By\u0142o to nie\u015bmia\u0142e 102 mg\/dL , potem jakie\u015b 107&#8230; Doktor uspokaja\u0142a, m\u00f3wi\u0142a, \u017ce to jeszcze nie jest nic takiego, ale \u017ce nale\u017cy si\u0119 pilnowa\u0107 i pomy\u015ble\u0107 o schudni\u0119ciu i zmianie od\u017cywiania. Oczywi\u015bcie s\u0142ysza\u0142em tylko to, co chcia\u0142em: pierwsz\u0105 cz\u0119\u015b\u0107 wypowiedzi to i owszem; drugiej i przede wszystkim trzeciej\u2013 jako\u015b nie dos\u0142ysza\u0142em i nie wbija\u0142a mi si\u0119 w pami\u0119\u0107. Bo to niemo\u017cliwe: ja i cukrzyca? Na ni\u0105 zapadaj\u0105 inni&#8230;<br \/>\nNa wszelki wypadek jednak zaniecha\u0142em wszelkich bada\u0144.<\/p>\n<p>Z pocz\u0105tkiem kwietnia 2015 roku jako\u015b da\u0142em si\u0119 nam\u00f3wi\u0107 na kolejne badanie cukru, oszcz\u0119dza\u0142em si\u0119 nawet w przeddzie\u0144 w jedzeniu (ale tylko troszeczk\u0119) a tu masz \u2013 160. Szok. By\u0142em tak oszo\u0142omiony, \u017ce bez opor\u00f3w zgodzi\u0142em si\u0119 na wykonanie krzywej cukrzycowej, mimo \u017ce badanie wypada\u0142o w pi\u0105tek, tu\u017c po \u015bwi\u0119tach wielkanocnych, czyli po wy\u017cerce (mazurki, szyneczki, pascha, wiadomo \u2013 trudno to sobie odpu\u015bci\u0107). No i badanie to pokaza\u0142o, co mia\u0142o pokaza\u0107. Dw\u00f3jeczka jak si\u0119 patrzy&#8230; Pomimo moich protest\u00f3w \u017bona i lekarz rodzinny okrzykn\u0119li mnie cukrzykiem. Biedny ja.<\/p>\n<p>Prawd\u0119 m\u00f3wi\u0105c, ze wzgl\u0119du na m\u0105 oty\u0142o\u015b\u0107, nami\u0119tn\u0105 mi\u0142o\u015b\u0107 do s\u0142odyczy i sterydy &#8211; w gruncie rzeczy spodziewa\u0142em si\u0119, \u017ce kiedy\u015b co\u015b takiego nast\u0105pi. Ale \u017ce ju\u017c? I jako\u015b tak nie do ko\u0144ca \u015bwiadomie da\u0142em si\u0119 poprowadzi\u0107, przede wszystkim \u017bonie. \u0141yka\u0142em tabletki, jad\u0142em, kiedy kaza\u0142a i co poda\u0142a&#8230; G\u0142upie, prawda? Ale my\u015bl\u0119, \u017ce to tylko dzi\u0119ki niej moja cukrzyca zrobi\u0142a si\u0119 jaka\u015b taka dziwna \u2013 bo od samego pocz\u0105tku za\u017cywania lek\u00f3w i pomiar\u00f3w cukru, nie przekraczam norm. W ci\u0105gu minionych ponad dwu lat mia\u0142em w sumie 3 wybryki: raz na imprezie urodzinowej kole\u017canki z pracy,\u00a0 gdy uraczy\u0142em si\u0119 pi\u0119cioma kawa\u0142kami ciasta, bo chcia\u0142em zobaczy\u0107, co te\u017c si\u0119 stanie. I zobaczy\u0142em: 150 mg\/dL. I tak by\u0142o nie\u017ale, bo ze\u017car\u0142em to, co dla s\u0142odkiego cz\u0142owieka najlepsze, tzn. tort \u015bmietanowy z kandyzowanymi owocami, murzynka \u00a0oblanego czekolad\u0105 i prze\u0142o\u017conego marmolad\u0105, jaki\u015b torcik biszkoptowy z kremem czekoladowym i bez\u0105, ciasto owocowe oblane galaretk\u0105&#8230; W tym towarzystwie poczciwy jab\u0142ecznik prezentowa\u0142 si\u0119 do\u015b\u0107 marnie \u2013 by\u0142 jednak wzbogacony o wierzchni\u0105 warstw\u0119 kokosu zapieczonego w cukrze. Czyli nie by\u0142 taki najgorszy i pasowa\u0142 do mojego eksperymentu. Naiwnie wierzy\u0142em, \u017ce jak po wch\u0142oni\u0119ciu tego wszystkiego cukier zachowa si\u0119 przyzwoicie, przekonam El\u0119, jak bardzo myli\u0142a si\u0119, co do mojej cukrzycy&#8230; Wysz\u0142o jednak troch\u0119 inaczej.<\/p>\n<p><img loading=\"lazy\" decoding=\"async\" class=\"aligncenter wp-image-667 size-medium\" src=\"https:\/\/dietyelzbiety.pl\/wp-content\/uploads\/2017\/08\/slodki1-2-300x296.jpg\" alt=\"\" width=\"300\" height=\"296\" srcset=\"https:\/\/dietyelzbiety.pl\/wp-content\/uploads\/2017\/08\/slodki1-2-300x296.jpg 300w, https:\/\/dietyelzbiety.pl\/wp-content\/uploads\/2017\/08\/slodki1-2-100x100.jpg 100w, https:\/\/dietyelzbiety.pl\/wp-content\/uploads\/2017\/08\/slodki1-2.jpg 512w\" sizes=\"(max-width: 300px) 100vw, 300px\" \/><\/p>\n<p>Drug\u0105 wpadk\u0119 zanotowa\u0142em po zjedzeniu 3 (s\u0142ownie: trzech) ruskich pierog\u00f3w \u2013 142. Mo\u017ce wp\u0142yw na to mia\u0142 kawa\u0142ek melona, kt\u00f3rym pocz\u0119stowa\u0142em si\u0119 godzin\u0119 (a nie regulaminowe 2) wcze\u015bniej&#8230;<br \/>\nNajwi\u0119ksz\u0105 niespodziank\u0105 by\u0142o jednak 159 po wypiciu w celach leczniczych dawki jednego z popularnych lek\u00f3w przeciwko grypie i przezi\u0119bieniom. I \u017ceby by\u0142o \u015bmieszniej, by\u0142a to bezcukrowa wersja tego\u017c preparatu. C\u00f3\u017c, <em>no comments<\/em>.<br \/>\n<img loading=\"lazy\" decoding=\"async\" class=\"aligncenter size-medium wp-image-1090\" src=\"https:\/\/dietyelzbiety.pl\/wp-content\/uploads\/2017\/12\/glukometr159_2w1-300x194.png\" alt=\"\" width=\"300\" height=\"194\" srcset=\"https:\/\/dietyelzbiety.pl\/wp-content\/uploads\/2017\/12\/glukometr159_2w1-300x194.png 300w, https:\/\/dietyelzbiety.pl\/wp-content\/uploads\/2017\/12\/glukometr159_2w1.png 722w\" sizes=\"(max-width: 300px) 100vw, 300px\" \/>Przed laty p\u00f3\u0142 Polski nuci\u0142o sobie refren przeboju \u201eS\u0142odkiego mi\u0142ego \u017cycia&#8230;\u201d \u2013 i o to w\u0142a\u015bnie chodzi. Skoro to \u017cycie jest ju\u017c s\u0142odkie \u2013 niech te\u017c przynajmniej b\u0119dzie mi\u0142o sp\u0119dzone&#8230; I tego sobie \u017cyczmy.<\/p>\n","protected":false},"excerpt":{"rendered":"<p>Taaak, jestem s\u0142odki. I to bynajmniej nie ze wzgl\u0119du na ujmuj\u0105cy styl bycia. Nie chodzi r\u00f3wnie\u017c o rozkosznego berbecia \u2013 w moim wieku raczej trudno by\u0107 rozkosznym&#8230; Mo\u017cna co najwy\u017cej zacz\u0105\u0107 dziecinnie\u0107&#8230; \u201eDozwolone 160+\u201d nie oznacza, \u017ce artyku\u0142 jest zakazany dla m\u0142odzie\u017cy, kt\u00f3ra nie uko\u0144czy\u0142a 160. roku \u017cycia. 160 mg\/dL to warto\u015b\u0107 poziomu cukru we &hellip; <\/p>\n<p class=\"link-more\"><a href=\"https:\/\/dietyelzbiety.pl\/index.php\/blog-darka\/slodki-chlopak-od-160\/\" class=\"more-link\">Czytaj dalej<span class=\"screen-reader-text\"> \u201eS\u0142odki ch\u0142opak (od 160+)\u201d<\/span><\/a><\/p>\n","protected":false},"author":1,"featured_media":1000,"parent":43,"menu_order":4,"comment_status":"closed","ping_status":"closed","template":"","meta":{"_mi_skip_tracking":false,"_exactmetrics_sitenote_active":false,"_exactmetrics_sitenote_note":"","_exactmetrics_sitenote_category":0,"footnotes":""},"_links":{"self":[{"href":"https:\/\/dietyelzbiety.pl\/index.php\/wp-json\/wp\/v2\/pages\/655"}],"collection":[{"href":"https:\/\/dietyelzbiety.pl\/index.php\/wp-json\/wp\/v2\/pages"}],"about":[{"href":"https:\/\/dietyelzbiety.pl\/index.php\/wp-json\/wp\/v2\/types\/page"}],"author":[{"embeddable":true,"href":"https:\/\/dietyelzbiety.pl\/index.php\/wp-json\/wp\/v2\/users\/1"}],"replies":[{"embeddable":true,"href":"https:\/\/dietyelzbiety.pl\/index.php\/wp-json\/wp\/v2\/comments?post=655"}],"version-history":[{"count":8,"href":"https:\/\/dietyelzbiety.pl\/index.php\/wp-json\/wp\/v2\/pages\/655\/revisions"}],"predecessor-version":[{"id":1091,"href":"https:\/\/dietyelzbiety.pl\/index.php\/wp-json\/wp\/v2\/pages\/655\/revisions\/1091"}],"up":[{"embeddable":true,"href":"https:\/\/dietyelzbiety.pl\/index.php\/wp-json\/wp\/v2\/pages\/43"}],"wp:featuredmedia":[{"embeddable":true,"href":"https:\/\/dietyelzbiety.pl\/index.php\/wp-json\/wp\/v2\/media\/1000"}],"wp:attachment":[{"href":"https:\/\/dietyelzbiety.pl\/index.php\/wp-json\/wp\/v2\/media?parent=655"}],"curies":[{"name":"wp","href":"https:\/\/api.w.org\/{rel}","templated":true}]}}